{"id":683,"date":"2026-03-20T18:01:12","date_gmt":"2026-03-20T18:01:12","guid":{"rendered":"https:\/\/manasotafandfm.com\/?page_id=683"},"modified":"2026-03-26T21:54:32","modified_gmt":"2026-03-26T21:54:32","slug":"herramientas","status":"publish","type":"page","link":"https:\/\/manasotafandfm.com\/es\/tools\/","title":{"rendered":"Herramientas de promoci\u00f3n"},"content":{"rendered":"<div data-elementor-type=\"wp-page\" data-elementor-id=\"683\" class=\"elementor elementor-683\" data-elementor-post-type=\"page\">\n\t\t\t\t<div class=\"elementor-element elementor-element-a2e12dc e-con-full e-flex e-con e-parent\" data-id=\"a2e12dc\" data-element_type=\"container\" data-e-type=\"container\">\n\t\t\t\t<div class=\"elementor-element elementor-element-26ad1c4 elementor-widget__width-inherit elementor-widget elementor-widget-template\" data-id=\"26ad1c4\" data-element_type=\"widget\" data-e-type=\"widget\" data-widget_type=\"template.default\">\n\t\t\t\t<div class=\"elementor-widget-container\">\n\t\t\t\t\t\t\t<div class=\"elementor-template\">\n\t\t\t\t\t<div data-elementor-type=\"container\" data-elementor-id=\"691\" class=\"elementor elementor-691\" data-elementor-post-type=\"elementor_library\">\n\t\t\t\t<div class=\"elementor-element elementor-element-5a8dc57b e-flex e-con-boxed e-con e-parent\" data-id=\"5a8dc57b\" data-element_type=\"container\" data-e-type=\"container\" data-settings=\"{&quot;background_background&quot;:&quot;classic&quot;}\">\n\t\t\t\t\t<div class=\"e-con-inner\">\n\t\t\t\t<div class=\"elementor-element elementor-element-13205be3 elementor-widget elementor-widget-heading\" data-id=\"13205be3\" data-element_type=\"widget\" data-e-type=\"widget\" data-widget_type=\"heading.default\">\n\t\t\t\t\t<h2 class=\"elementor-heading-title elementor-size-default\">Promocional <span style=\"color: #00d9ff\">HERRAMIENTAS <\/span><\/h2>\t\t\t\t<\/div>\n\t\t\t\t\t<\/div>\n\t\t\t\t<\/div>\n\t\t\t\t<\/div>\n\t\t\t\t<\/div>\n\t\t\t\t\t\t<\/div>\n\t\t\t\t<\/div>\n\t\t\t\t<div class=\"elementor-element elementor-element-017999c elementor-widget elementor-widget-spacer\" data-id=\"017999c\" data-element_type=\"widget\" data-e-type=\"widget\" data-widget_type=\"spacer.default\">\n\t\t\t\t\t\t\t<div class=\"elementor-spacer\">\n\t\t\t<div class=\"elementor-spacer-inner\"><\/div>\n\t\t<\/div>\n\t\t\t\t\t\t<\/div>\n\t\t\t\t<\/div>\n\t\t<div class=\"elementor-element elementor-element-64e228e e-flex e-con-boxed e-con e-parent\" data-id=\"64e228e\" data-element_type=\"container\" data-e-type=\"container\">\n\t\t\t\t\t<div class=\"e-con-inner\">\n\t\t\t\t<div class=\"elementor-element elementor-element-08d6f73 elementor-widget__width-inherit elementor-widget elementor-widget-heading\" data-id=\"08d6f73\" data-element_type=\"widget\" data-e-type=\"widget\" data-widget_type=\"heading.default\">\n\t\t\t\t\t<h1 class=\"elementor-heading-title elementor-size-default\"><span style=\"color: #00d9ff\"> Herramientas de ayuda <\/span>\u00a1Corra la voz sobre el Mes de la Fe y la Familia en Manasota!<\/h1>\t\t\t\t<\/div>\n\t\t\t\t<div class=\"elementor-element elementor-element-9e9021c elementor-widget elementor-widget-spacer\" data-id=\"9e9021c\" data-element_type=\"widget\" data-e-type=\"widget\" data-widget_type=\"spacer.default\">\n\t\t\t\t\t\t\t<div class=\"elementor-spacer\">\n\t\t\t<div class=\"elementor-spacer-inner\"><\/div>\n\t\t<\/div>\n\t\t\t\t\t\t<\/div>\n\t\t\t\t<div class=\"elementor-element elementor-element-274f87a elementor-widget elementor-widget-heading\" data-id=\"274f87a\" data-element_type=\"widget\" data-e-type=\"widget\" data-widget_type=\"heading.default\">\n\t\t\t\t\t<h2 class=\"elementor-heading-title elementor-size-default\">Nuestra<span style=\"color: #00d9ff\"> P\u00e1gina web<\/span>...por supuesto<\/h2>\t\t\t\t<\/div>\n\t\t\t\t<div class=\"elementor-element elementor-element-d7d5900 elementor-widget elementor-widget-image\" data-id=\"d7d5900\" data-element_type=\"widget\" data-e-type=\"widget\" data-widget_type=\"image.default\">\n\t\t\t\t\t\t\t\t\t\t\t\t\t\t\t<img decoding=\"async\" src=\"https:\/\/manasotafandfm.com\/wp-content\/uploads\/elementor\/thumbs\/Screenshot-2026-03-07-233750-rk8lmerdy8srbs8rz1rdk97pqvtqxx8rejdim34c4s.png\" title=\"Captura de pantalla 2026-03-07 233750\" alt=\"Captura de pantalla 2026-03-07 233750\" loading=\"lazy\" \/>\t\t\t\t\t\t\t\t\t\t\t\t\t\t\t<\/div>\n\t\t\t\t<div class=\"elementor-element elementor-element-7d34102 elementor-widget elementor-widget-heading\" data-id=\"7d34102\" data-element_type=\"widget\" data-e-type=\"widget\" data-widget_type=\"heading.default\">\n\t\t\t\t\t<h2 class=\"elementor-heading-title elementor-size-default\">Ventajas:<\/h2>\t\t\t\t<\/div>\n\t\t\t\t<div class=\"elementor-element elementor-element-243453c elementor-widget elementor-widget-text-editor\" data-id=\"243453c\" data-element_type=\"widget\" data-e-type=\"widget\" data-widget_type=\"text-editor.default\">\n\t\t\t\t\t\t\t\t\t<ul><li><strong>\u00a1Sencillo!<\/strong><br \/>Para los que quieren simplificar las cosas y compartirlas.<\/li><li><strong>Pr\u00e1cticamente todo<\/strong> <br \/>Este sitio web pretende ser el lugar en el que se comunique todo lo que cualquier persona necesite saber sobre el Mes de la Fe y la Familia de Manasota.<\/li><li><strong>Recursos<\/strong> <br \/>Como esta p\u00e1gina de herramientas, enlaces de medios sociales, calendario de eventos, informaci\u00f3n de patrocinio, etc este sitio web cubre todo lo que necesita para estar facultado como miembro de la comunidad que desea compartir la Iniciativa del Mes de la Fe y la Familia de Manasota.<\/li><\/ul>\t\t\t\t\t\t\t\t<\/div>\n\t\t\t\t<div class=\"elementor-element elementor-element-99cc0b0 elementor-widget__width-initial elementor-widget elementor-widget-heading\" data-id=\"99cc0b0\" data-element_type=\"widget\" data-e-type=\"widget\" data-widget_type=\"heading.default\">\n\t\t\t\t\t<h2 class=\"elementor-heading-title elementor-size-default\"><a href=\"http:\/\/manasotafandfm.com\/es\/\" target=\"_blank\">manasotafandfm.com<\/a><\/h2>\t\t\t\t<\/div>\n\t\t\t\t<div class=\"elementor-element elementor-element-853edd0 elementor-widget elementor-widget-spacer\" data-id=\"853edd0\" data-element_type=\"widget\" data-e-type=\"widget\" data-widget_type=\"spacer.default\">\n\t\t\t\t\t\t\t<div class=\"elementor-spacer\">\n\t\t\t<div class=\"elementor-spacer-inner\"><\/div>\n\t\t<\/div>\n\t\t\t\t\t\t<\/div>\n\t\t\t\t<div class=\"elementor-element elementor-element-7cbcb3d elementor-widget elementor-widget-heading\" data-id=\"7cbcb3d\" data-element_type=\"widget\" data-e-type=\"widget\" data-widget_type=\"heading.default\">\n\t\t\t\t\t<h2 class=\"elementor-heading-title elementor-size-default\">Palabra clave <span style=\"color: #00d9ff\"> Mensajes de texto<\/span><\/h2>\t\t\t\t<\/div>\n\t\t\t\t<div class=\"elementor-element elementor-element-55610a3 elementor-widget elementor-widget-image\" data-id=\"55610a3\" data-element_type=\"widget\" data-e-type=\"widget\" data-widget_type=\"image.default\">\n\t\t\t\t\t\t\t\t\t\t\t\t\t\t\t<img decoding=\"async\" src=\"https:\/\/manasotafandfm.com\/wp-content\/uploads\/elementor\/thumbs\/Keyword-Texting-Your-new-superpower-rkt1wujuj6455a5uzlp9ig58wsypmfytp886zdrca8.png\" title=\"Mensajes de texto con palabras clave \u00a1Tu nuevo superpoder!\" alt=\"Mensajes de texto con palabras clave \u00a1Tu nuevo superpoder!\" loading=\"lazy\" \/>\t\t\t\t\t\t\t\t\t\t\t\t\t\t\t<\/div>\n\t\t\t\t<div class=\"elementor-element elementor-element-1ddaa64 elementor-widget elementor-widget-heading\" data-id=\"1ddaa64\" data-element_type=\"widget\" data-e-type=\"widget\" data-widget_type=\"heading.default\">\n\t\t\t\t\t<h2 class=\"elementor-heading-title elementor-size-default\">Ventajas:<\/h2>\t\t\t\t<\/div>\n\t\t\t\t<div class=\"elementor-element elementor-element-5d655c5 elementor-widget elementor-widget-text-editor\" data-id=\"5d655c5\" data-element_type=\"widget\" data-e-type=\"widget\" data-widget_type=\"text-editor.default\">\n\t\t\t\t\t\t\t\t\t<ul><li><strong>\u00a1Automatizaci\u00f3n!<\/strong> <br \/>Secuencias automatizadas que guiar\u00e1n a sus contactos a trav\u00e9s del proceso de incorporaci\u00f3n que usted les indique. <br \/>(ver ejemplos m\u00e1s abajo)<\/li><li><strong>Enlaces para regalar<\/strong> <br \/>La capacidad de dirigir f\u00e1cilmente a su gente para que pueda donar como empresa, iglesia o al Fondo General.<\/li><li><strong>Formularios de inscripci\u00f3n<\/strong><br \/>La posibilidad de facilitarnos su nombre, direcci\u00f3n de correo electr\u00f3nico y la opci\u00f3n de registrarse, todo ello con s\u00f3lo enviar un mensaje de texto con una palabra clave.<\/li><li><strong>Recurso de informaci\u00f3n<\/strong><br \/>La posibilidad de enviar un mensaje de texto con una sola palabra clave para dirigir a la gente a la informaci\u00f3n sobre el Mes de la Fe y la Familia.<\/li><\/ul>\t\t\t\t\t\t\t\t<\/div>\n\t\t\t\t<div class=\"elementor-element elementor-element-0028883 elementor-widget elementor-widget-heading\" data-id=\"0028883\" data-element_type=\"widget\" data-e-type=\"widget\" data-widget_type=\"heading.default\">\n\t\t\t\t\t<h2 class=\"elementor-heading-title elementor-size-default\">Modo de empleo:<\/h2>\t\t\t\t<\/div>\n\t\t\t\t<div class=\"elementor-element elementor-element-0915037 elementor-widget elementor-widget-text-editor\" data-id=\"0915037\" data-element_type=\"widget\" data-e-type=\"widget\" data-widget_type=\"text-editor.default\">\n\t\t\t\t\t\t\t\t\t<p>S\u00f3lo tiene que enviar un mensaje de texto con cualquiera de las siguientes palabras clave a la vez a <strong>(941) 390-4447.<\/strong><\/p>\t\t\t\t\t\t\t\t<\/div>\n\t\t\t\t<div class=\"elementor-element elementor-element-3442323 elementor-widget elementor-widget-heading\" data-id=\"3442323\" data-element_type=\"widget\" data-e-type=\"widget\" data-widget_type=\"heading.default\">\n\t\t\t\t\t<h2 class=\"elementor-heading-title elementor-size-default\"> <span style=\"color: #00d9ff;text-decoration:none;font-weight: bold\"> Palabras clave <\/span><\/h2>\t\t\t\t<\/div>\n\t\t\t\t<div class=\"elementor-element elementor-element-b53a4db elementor-widget elementor-widget-text-editor\" data-id=\"b53a4db\" data-element_type=\"widget\" data-e-type=\"widget\" data-widget_type=\"text-editor.default\">\n\t\t\t\t\t\t\t\t\t<p><strong>Informaci\u00f3n\u00a0<\/strong><\/p><p>Utilizar esta palabra clave es una buena forma de enviar a alguien a donde pueda obtener informaci\u00f3n sobre esta iniciativa. Nota: Esto tambi\u00e9n les a\u00f1ade a nuestra lista de contactos, por lo que tambi\u00e9n recibir\u00e1n informaci\u00f3n sobre futuros anuncios (pueden darse de baja en cualquier momento).<\/p><p><strong>Danos<\/strong><\/p><p>Aqu\u00ed es donde enviar\u00e1 a aquellos que simplemente quieren apoyar financieramente que no est\u00e1n dando como una iglesia o negocio.<\/p><p><strong>Iglesia\u00a0<\/strong><\/p><p>Esta es la palabra clave para las iglesias\/ministerios que quieran patrocinar (donar) como iglesia\/ministerio, donde los mostraremos alto y orgulloso en nuestro sitio web con un enlace en el que se puede hacer clic al sitio web de su iglesia.\u00a0<\/p><p><strong>Empresas<\/strong><\/p><p>\u00a1Esta es la palabra clave para aquellos que quieren patrocinar (dar) como un negocio donde tambi\u00e9n vamos a mostrar en nuestro sitio web con un enlace a su sitio web se puede hacer clic!<\/p><p><strong>Servir<\/strong><\/p><p>Esta es la palabra clave que usar\u00e1s para inscribirte y decirnos que te gustar\u00eda servir, y averiguar d\u00f3nde podemos tener una necesidad o c\u00f3mo puedes ayudar.<\/p>\t\t\t\t\t\t\t\t<\/div>\n\t\t\t\t<div class=\"elementor-element elementor-element-1e6e61e elementor-widget elementor-widget-heading\" data-id=\"1e6e61e\" data-element_type=\"widget\" data-e-type=\"widget\" data-widget_type=\"heading.default\">\n\t\t\t\t\t<h2 class=\"elementor-heading-title elementor-size-default\">Por ejemplo:<\/h2>\t\t\t\t<\/div>\n\t\t\t\t<div class=\"elementor-element elementor-element-5b5d205 elementor-widget elementor-widget-text-editor\" data-id=\"5b5d205\" data-element_type=\"widget\" data-e-type=\"widget\" data-widget_type=\"text-editor.default\">\n\t\t\t\t\t\t\t\t\t<p>Texto <strong>informaci\u00f3n<\/strong> a <strong>(941) 390-4447.<\/strong><\/p>\t\t\t\t\t\t\t\t<\/div>\n\t\t\t\t<div class=\"elementor-element elementor-element-8777832 elementor-widget elementor-widget-spacer\" data-id=\"8777832\" data-element_type=\"widget\" data-e-type=\"widget\" data-widget_type=\"spacer.default\">\n\t\t\t\t\t\t\t<div class=\"elementor-spacer\">\n\t\t\t<div class=\"elementor-spacer-inner\"><\/div>\n\t\t<\/div>\n\t\t\t\t\t\t<\/div>\n\t\t\t\t<div class=\"elementor-element elementor-element-d13898d elementor-widget elementor-widget-heading\" data-id=\"d13898d\" data-element_type=\"widget\" data-e-type=\"widget\" data-widget_type=\"heading.default\">\n\t\t\t\t\t<h2 class=\"elementor-heading-title elementor-size-default\">Social <span style=\"color: #00d9ff\">Medios de comunicaci\u00f3n<\/span><\/h2>\t\t\t\t<\/div>\n\t\t\t\t<div class=\"elementor-element elementor-element-87fef29 elementor-widget elementor-widget-image\" data-id=\"87fef29\" data-element_type=\"widget\" data-e-type=\"widget\" data-widget_type=\"image.default\">\n\t\t\t\t\t\t\t\t\t\t\t\t\t\t\t<img decoding=\"async\" src=\"https:\/\/manasotafandfm.com\/wp-content\/uploads\/elementor\/thumbs\/Social-Media-Use-Our-Channels-1-rktccxr50syagjvew63h5jkpev9pep0iqp23l04mpc.png\" title=\"Redes sociales \u00a1Utiliza nuestros canales!\" alt=\"Redes sociales \u00a1Utiliza nuestros canales!\" loading=\"lazy\" \/>\t\t\t\t\t\t\t\t\t\t\t\t\t\t\t<\/div>\n\t\t\t\t<div class=\"elementor-element elementor-element-94e1414 elementor-widget elementor-widget-spacer\" data-id=\"94e1414\" data-element_type=\"widget\" data-e-type=\"widget\" data-widget_type=\"spacer.default\">\n\t\t\t\t\t\t\t<div class=\"elementor-spacer\">\n\t\t\t<div class=\"elementor-spacer-inner\"><\/div>\n\t\t<\/div>\n\t\t\t\t\t\t<\/div>\n\t\t\t\t<div class=\"elementor-element elementor-element-6cbde0d elementor-widget elementor-widget-heading\" data-id=\"6cbde0d\" data-element_type=\"widget\" data-e-type=\"widget\" data-widget_type=\"heading.default\">\n\t\t\t\t\t<h2 class=\"elementor-heading-title elementor-size-default\"> <span style=\"color: #00d9ff;text-decoration:none;font-weight: bold\"> Facebook <\/span>Grupo<\/h2>\t\t\t\t<\/div>\n\t\t\t\t<div class=\"elementor-element elementor-element-fdda7f2 elementor-widget elementor-widget-image\" data-id=\"fdda7f2\" data-element_type=\"widget\" data-e-type=\"widget\" data-widget_type=\"image.default\">\n\t\t\t\t\t\t\t\t\t\t\t\t\t\t\t\t<a href=\"https:\/\/www.facebook.com\/groups\/1773549230007233\" target=\"_blank\">\n\t\t\t\t\t\t\t<img decoding=\"async\" src=\"https:\/\/manasotafandfm.com\/wp-content\/uploads\/elementor\/thumbs\/images-rktccyow601wwmsfjl1brltadiqi5q0wv1z8r67ltw.png\" title=\"im\u00e1genes\" alt=\"im\u00e1genes\" loading=\"lazy\" \/>\t\t\t\t\t\t\t\t<\/a>\n\t\t\t\t\t\t\t\t\t\t\t\t\t\t\t<\/div>\n\t\t\t\t<div class=\"elementor-element elementor-element-73922de elementor-widget elementor-widget-heading\" data-id=\"73922de\" data-element_type=\"widget\" data-e-type=\"widget\" data-widget_type=\"heading.default\">\n\t\t\t\t\t<h2 class=\"elementor-heading-title elementor-size-default\">Ventajas:<\/h2>\t\t\t\t<\/div>\n\t\t\t\t<div class=\"elementor-element elementor-element-6a2ccb1 elementor-widget elementor-widget-text-editor\" data-id=\"6a2ccb1\" data-element_type=\"widget\" data-e-type=\"widget\" data-widget_type=\"text-editor.default\">\n\t\t\t\t\t\t\t\t\t<ul><li><strong>Comunidad<\/strong> <br \/>Nuestro grupo de FB es un lugar para que nuestra comunidad colabore en todo lo relacionado con el Mes de la Fe y la Familia.<\/li><li><strong>Actualizaciones<\/strong> <br \/>Otro lugar para estar al d\u00eda de lo que ocurre en relaci\u00f3n con el Mes de la Fe y la Familia en Manasota.<\/li><li><strong>\u00a1Comparte!<\/strong> <br \/>Otro lugar m\u00e1s para hacer correr la voz sobre cualquier cosa que est\u00e9 haciendo en esta comunidad y que guarde relaci\u00f3n con nuestra iniciativa.<\/li><\/ul>\t\t\t\t\t\t\t\t<\/div>\n\t\t\t\t<div class=\"elementor-element elementor-element-bd5f068 elementor-button-success elementor-widget elementor-widget-button\" data-id=\"bd5f068\" data-element_type=\"widget\" data-e-type=\"widget\" data-widget_type=\"button.default\">\n\t\t\t\t\t\t\t\t\t\t<a class=\"elementor-button elementor-button-link elementor-size-sm\" href=\"https:\/\/www.facebook.com\/groups\/1773549230007233\" target=\"_blank\">\n\t\t\t\t\t\t<span class=\"elementor-button-content-wrapper\">\n\t\t\t\t\t\t\t\t\t<span class=\"elementor-button-text\">\u00danase al grupo de Facebook <\/span>\n\t\t\t\t\t<\/span>\n\t\t\t\t\t<\/a>\n\t\t\t\t\t\t\t\t<\/div>\n\t\t\t\t<div class=\"elementor-element elementor-element-4ae8997 elementor-widget elementor-widget-spacer\" data-id=\"4ae8997\" data-element_type=\"widget\" data-e-type=\"widget\" data-widget_type=\"spacer.default\">\n\t\t\t\t\t\t\t<div class=\"elementor-spacer\">\n\t\t\t<div class=\"elementor-spacer-inner\"><\/div>\n\t\t<\/div>\n\t\t\t\t\t\t<\/div>\n\t\t\t\t<div class=\"elementor-element elementor-element-ff4f511 elementor-widget elementor-widget-heading\" data-id=\"ff4f511\" data-element_type=\"widget\" data-e-type=\"widget\" data-widget_type=\"heading.default\">\n\t\t\t\t\t<h2 class=\"elementor-heading-title elementor-size-default\"> <span style=\"color: #00d9ff;text-decoration:none;font-weight: bold\"> \u00a1YouTube! <\/span><\/h2>\t\t\t\t<\/div>\n\t\t\t\t<div class=\"elementor-element elementor-element-b58c592 elementor-widget elementor-widget-image\" data-id=\"b58c592\" data-element_type=\"widget\" data-e-type=\"widget\" data-widget_type=\"image.default\">\n\t\t\t\t\t\t\t\t\t\t\t\t\t\t\t\t<a href=\"https:\/\/www.youtube.com\/@ManasotaFaithandFamilyMonth?sub_confirmation=1\" target=\"_blank\">\n\t\t\t\t\t\t\t<img decoding=\"async\" src=\"https:\/\/manasotafandfm.com\/wp-content\/uploads\/elementor\/thumbs\/images-1-rktcczmpqwp9njcccocljm2kn5q5ohidk1326872b2.png\" title=\"im\u00e1genes (1)\" alt=\"im\u00e1genes (1)\" loading=\"lazy\" \/>\t\t\t\t\t\t\t\t<\/a>\n\t\t\t\t\t\t\t\t\t\t\t\t\t\t\t<\/div>\n\t\t\t\t<div class=\"elementor-element elementor-element-a34712f elementor-widget elementor-widget-heading\" data-id=\"a34712f\" data-element_type=\"widget\" data-e-type=\"widget\" data-widget_type=\"heading.default\">\n\t\t\t\t\t<h2 class=\"elementor-heading-title elementor-size-default\">Ventajas:<\/h2>\t\t\t\t<\/div>\n\t\t\t\t<div class=\"elementor-element elementor-element-ed5136e elementor-widget elementor-widget-text-editor\" data-id=\"ed5136e\" data-element_type=\"widget\" data-e-type=\"widget\" data-widget_type=\"text-editor.default\">\n\t\t\t\t\t\t\t\t\t<ul><li><strong>Su contenido promocional<\/strong> <br \/>\u00a1Nuestro canal de YouTube es un gran lugar para albergar el contenido de v\u00eddeo que puede ser de cualquier pastor, cualquier iglesia, y el altavoz, que elimina la marca de la iglesia para que sea m\u00e1s duplicable para todos los miembros de la iniciativa!<\/li><li><strong>\u00a1Recurso!<\/strong> <br \/>A medida que crezcamos, \u00a1este ser\u00e1 un gran lugar para venir y encontrar contenido relevante para los asuntos de la iniciativa! \u00a1Podemos abordar los temas que necesitan ser tratados para ayudar a Fe y Familia!<\/li><li><strong>Actualizaciones<\/strong> <br \/>\u00a1Suscr\u00edbase a nuestro canal para estar seguro de encontrar m\u00e1s actualizaciones relevantes de nuestra iniciativa!<\/li><\/ul>\t\t\t\t\t\t\t\t<\/div>\n\t\t\t\t<div class=\"elementor-element elementor-element-c1258e8 elementor-button-success elementor-widget elementor-widget-button\" data-id=\"c1258e8\" data-element_type=\"widget\" data-e-type=\"widget\" data-widget_type=\"button.default\">\n\t\t\t\t\t\t\t\t\t\t<a class=\"elementor-button elementor-button-link elementor-size-sm\" href=\"https:\/\/www.youtube.com\/@ManasotaFaithandFamilyMonth?sub_confirmation=1\" target=\"_blank\">\n\t\t\t\t\t\t<span class=\"elementor-button-content-wrapper\">\n\t\t\t\t\t\t\t\t\t<span class=\"elementor-button-text\">\u00danase a nuestro canal de YouTube<\/span>\n\t\t\t\t\t<\/span>\n\t\t\t\t\t<\/a>\n\t\t\t\t\t\t\t\t<\/div>\n\t\t\t\t<div class=\"elementor-element elementor-element-30b297f elementor-widget elementor-widget-text-editor\" data-id=\"30b297f\" data-element_type=\"widget\" data-e-type=\"widget\" data-widget_type=\"text-editor.default\">\n\t\t\t\t\t\t\t\t\t<p>\u00a0<\/p><p>\u00a0<\/p>\t\t\t\t\t\t\t\t<\/div>\n\t\t\t\t\t<\/div>\n\t\t\t\t<\/div>\n\t\t\t\t<\/div>","protected":false},"excerpt":{"rendered":"<p>Tools To Help You Spread The Word About Faith and Family Month Manasota! Our Website&#8230;of course Benefits: Simple!For those just wanting to keep it simple, yet be empowered to share. Virtually Everything! This website is meant to be the place that communicates everything anyone would need to know about Manasota Faith and Family Month! Resources! [&hellip;]<\/p>\n","protected":false},"author":2,"featured_media":0,"parent":0,"menu_order":0,"comment_status":"closed","ping_status":"closed","template":"","meta":{"om_disable_all_campaigns":false,"_monsterinsights_skip_tracking":false,"_monsterinsights_sitenote_active":false,"_monsterinsights_sitenote_note":"","_monsterinsights_sitenote_category":0,"footnotes":""},"class_list":["post-683","page","type-page","status-publish","hentry"],"_links":{"self":[{"href":"https:\/\/manasotafandfm.com\/es\/wp-json\/wp\/v2\/pages\/683","targetHints":{"allow":["GET"]}}],"collection":[{"href":"https:\/\/manasotafandfm.com\/es\/wp-json\/wp\/v2\/pages"}],"about":[{"href":"https:\/\/manasotafandfm.com\/es\/wp-json\/wp\/v2\/types\/page"}],"author":[{"embeddable":true,"href":"https:\/\/manasotafandfm.com\/es\/wp-json\/wp\/v2\/users\/2"}],"replies":[{"embeddable":true,"href":"https:\/\/manasotafandfm.com\/es\/wp-json\/wp\/v2\/comments?post=683"}],"version-history":[{"count":137,"href":"https:\/\/manasotafandfm.com\/es\/wp-json\/wp\/v2\/pages\/683\/revisions"}],"predecessor-version":[{"id":972,"href":"https:\/\/manasotafandfm.com\/es\/wp-json\/wp\/v2\/pages\/683\/revisions\/972"}],"wp:attachment":[{"href":"https:\/\/manasotafandfm.com\/es\/wp-json\/wp\/v2\/media?parent=683"}],"curies":[{"name":"wp","href":"https:\/\/api.w.org\/{rel}","templated":true}]}}