{"id":59,"date":"2026-03-04T15:30:49","date_gmt":"2026-03-04T15:30:49","guid":{"rendered":"https:\/\/manasotafandfm.com\/?page_id=59"},"modified":"2026-03-04T19:59:01","modified_gmt":"2026-03-04T19:59:01","slug":"por-que-junio","status":"publish","type":"page","link":"https:\/\/manasotafandfm.com\/es\/why-june\/","title":{"rendered":"Por qu\u00e9 junio"},"content":{"rendered":"<div data-elementor-type=\"wp-page\" data-elementor-id=\"59\" class=\"elementor elementor-59\" data-elementor-post-type=\"page\">\n\t\t\t\t<div class=\"elementor-element elementor-element-72ce1f0 e-flex e-con-boxed e-con e-parent\" data-id=\"72ce1f0\" data-element_type=\"container\" data-e-type=\"container\" data-settings=\"{&quot;background_background&quot;:&quot;classic&quot;}\">\n\t\t\t\t\t<div class=\"e-con-inner\">\n\t\t\t\t<div class=\"elementor-element elementor-element-01cb6f4 elementor-widget elementor-widget-heading\" data-id=\"01cb6f4\" data-element_type=\"widget\" data-e-type=\"widget\" data-widget_type=\"heading.default\">\n\t\t\t\t\t<h2 class=\"elementor-heading-title elementor-size-default\">\u00bfPor qu\u00e9 junio <span style=\"color:#00d9ff\"> Fe y familia<\/span> \u00bfMes?<\/h2>\t\t\t\t<\/div>\n\t\t\t\t\t<\/div>\n\t\t\t\t<\/div>\n\t\t<div class=\"elementor-element elementor-element-971f513 e-flex e-con-boxed e-con e-parent\" data-id=\"971f513\" data-element_type=\"container\" data-e-type=\"container\">\n\t\t\t\t\t<div class=\"e-con-inner\">\n\t\t\t\t<div class=\"elementor-element elementor-element-720a217 elementor-widget elementor-widget-text-editor\" data-id=\"720a217\" data-element_type=\"widget\" data-e-type=\"widget\" data-widget_type=\"text-editor.default\">\n\t\t\t\t\t\t\t\t\t<p>En junio se celebran numerosas festividades relacionadas con la familia. Por ejemplo, el 15 de junio es el D\u00eda del Padre y el 8 de junio es el D\u00eda Nacional del Ni\u00f1o. Seg\u00fan Family First (All Pro Dad\/IMom), junio tambi\u00e9n ha sido designado como el Mes de la Paternidad en Florida.<\/p><p>La palabra \u201cjunio\u201d se refiere a \u201cni\u00f1os\u201d. Deriva de la palabra latina \u201cJu-Ven-Is\u201d, que se traduce como \u201cjuventud\u201d. Por eso el mes de junio se reserva anualmente para celebrar y centrarse en los ni\u00f1os.<\/p><p>Junio es tambi\u00e9n el Mes Nacional de la Familia. El objetivo de este mes es promover valores familiares s\u00f3lidos y concienciar sobre los retos a los que se enfrentan las familias. Es el momento de dar prioridad a la familia, comunicarse y pasar tiempo de calidad juntos.<\/p><p>El objetivo del Mes Nacional de la Familia es promover valores familiares s\u00f3lidos y concienciar sobre los retos y problemas a los que se enfrentan las familias hoy en d\u00eda. Algunas familias se enfrentan a tensiones econ\u00f3micas, conciliaci\u00f3n de la vida laboral y familiar y conflictos en el seno de la familia. Este mes brinda la oportunidad de abordar estos problemas y encontrar formas de superarlos.<\/p><p>Junio es tambi\u00e9n el Mes Nacional de la Reunificaci\u00f3n Familiar. Es el momento de celebrar a las familias y reconocer sus logros. Tambi\u00e9n es el momento de concienciar sobre los retos a los que se enfrentan las familias separadas por el sistema de acogida. La reunificaci\u00f3n puede ayudar a los ni\u00f1os a recuperar la sensaci\u00f3n de normalidad y a reforzar los lazos familiares.<\/p><p>Nuestra fe cristiana es la piedra angular para criar familias. Estaremos enfatizando los servicios de la iglesia, eventos corporativos de la iglesia, as\u00ed como organizaciones enfocadas en los ni\u00f1os y la familia en los condados de Sarasota y Manatee. Vea el calendario de eventos para saber c\u00f3mo puede participar.<\/p>\t\t\t\t\t\t\t\t<\/div>\n\t\t<div class=\"elementor-element elementor-element-862ec93 e-con-full e-flex e-con e-child\" data-id=\"862ec93\" data-element_type=\"container\" data-e-type=\"container\">\n\t\t\t\t<div class=\"elementor-element elementor-element-73e469e elementor-widget elementor-widget-heading\" data-id=\"73e469e\" data-element_type=\"widget\" data-e-type=\"widget\" data-widget_type=\"heading.default\">\n\t\t\t\t\t<h2 class=\"elementor-heading-title elementor-size-default\">Familias en movimiento<\/h2>\t\t\t\t<\/div>\n\t\t\t\t<div class=\"elementor-element elementor-element-03eac8a elementor-widget elementor-widget-image\" data-id=\"03eac8a\" data-element_type=\"widget\" data-e-type=\"widget\" data-widget_type=\"image.default\">\n\t\t\t\t\t\t\t\t\t\t\t\t\t\t\t<img fetchpriority=\"high\" decoding=\"async\" width=\"512\" height=\"512\" src=\"https:\/\/manasotafandfm.com\/wp-content\/uploads\/2026\/03\/cropped-icon-550-blkbg.png\" class=\"attachment-large size-large wp-image-62\" alt=\"\" srcset=\"https:\/\/manasotafandfm.com\/wp-content\/uploads\/2026\/03\/cropped-icon-550-blkbg.png 512w, https:\/\/manasotafandfm.com\/wp-content\/uploads\/2026\/03\/cropped-icon-550-blkbg-300x300.png 300w, https:\/\/manasotafandfm.com\/wp-content\/uploads\/2026\/03\/cropped-icon-550-blkbg-150x150.png 150w\" sizes=\"(max-width: 512px) 100vw, 512px\" \/>\t\t\t\t\t\t\t\t\t\t\t\t\t\t\t<\/div>\n\t\t\t\t<div class=\"elementor-element elementor-element-85935f3 elementor-widget elementor-widget-heading\" data-id=\"85935f3\" data-element_type=\"widget\" data-e-type=\"widget\" data-widget_type=\"heading.default\">\n\t\t\t\t\t<h2 class=\"elementor-heading-title elementor-size-default\">Adelante por la fe<\/h2>\t\t\t\t<\/div>\n\t\t\t\t<\/div>\n\t\t\t\t\t<\/div>\n\t\t\t\t<\/div>\n\t\t<div class=\"elementor-element elementor-element-a1f0186 e-flex e-con-boxed e-con e-parent\" data-id=\"a1f0186\" data-element_type=\"container\" data-e-type=\"container\">\n\t\t\t\t\t<div class=\"e-con-inner\">\n\t\t\t\t<div class=\"elementor-element elementor-element-f0f0c60 elementor-widget elementor-widget-heading\" data-id=\"f0f0c60\" data-element_type=\"widget\" data-e-type=\"widget\" data-widget_type=\"heading.default\">\n\t\t\t\t\t<h2 class=\"elementor-heading-title elementor-size-default\">Acontecimientos <span> Como <\/span><\/h2>\t\t\t\t<\/div>\n\t\t<div class=\"elementor-element elementor-element-9096d1d e-con-full e-flex e-con e-child\" data-id=\"9096d1d\" data-element_type=\"container\" data-e-type=\"container\">\n\t\t\t\t<div class=\"elementor-element elementor-element-a17d8f8 elementor-widget elementor-widget-image\" data-id=\"a17d8f8\" data-element_type=\"widget\" data-e-type=\"widget\" data-widget_type=\"image.default\">\n\t\t\t\t\t\t\t\t\t\t\t\t\t\t\t<img decoding=\"async\" width=\"76\" height=\"82\" src=\"https:\/\/manasotafandfm.com\/wp-content\/uploads\/2026\/03\/ff7a4fef-5df8-4f56-b0d8-3a3e282dfc47.png\" class=\"attachment-large size-large wp-image-181\" alt=\"\" \/>\t\t\t\t\t\t\t\t\t\t\t\t\t\t\t<\/div>\n\t\t\t\t<div class=\"elementor-element elementor-element-6187a35 elementor-widget elementor-widget-heading\" data-id=\"6187a35\" data-element_type=\"widget\" data-e-type=\"widget\" data-widget_type=\"heading.default\">\n\t\t\t\t\t<h2 class=\"elementor-heading-title elementor-size-default\">Pr\u00f3ximos eventos<\/h2>\t\t\t\t<\/div>\n\t\t\t\t<\/div>\n\t\t\t\t\t<\/div>\n\t\t\t\t<\/div>\n\t\t\t\t<\/div>","protected":false},"excerpt":{"rendered":"<p>Why is June Faith &amp; Family Month? June is home to multiple family-related observances. For instance, June 15th is Father&#8217;s Day and June 8th is National Children&#8217;s Day. According to Family First (All Pro Dad\/IMom), June has also been designated as Fatherhood Month in Florida. The word &#8220;June&#8221; relates to &#8220;children.&#8221; It is derived from [&hellip;]<\/p>\n","protected":false},"author":1,"featured_media":0,"parent":0,"menu_order":0,"comment_status":"closed","ping_status":"closed","template":"","meta":{"om_disable_all_campaigns":false,"_monsterinsights_skip_tracking":false,"_monsterinsights_sitenote_active":false,"_monsterinsights_sitenote_note":"","_monsterinsights_sitenote_category":0,"footnotes":""},"class_list":["post-59","page","type-page","status-publish","hentry"],"_links":{"self":[{"href":"https:\/\/manasotafandfm.com\/es\/wp-json\/wp\/v2\/pages\/59","targetHints":{"allow":["GET"]}}],"collection":[{"href":"https:\/\/manasotafandfm.com\/es\/wp-json\/wp\/v2\/pages"}],"about":[{"href":"https:\/\/manasotafandfm.com\/es\/wp-json\/wp\/v2\/types\/page"}],"author":[{"embeddable":true,"href":"https:\/\/manasotafandfm.com\/es\/wp-json\/wp\/v2\/users\/1"}],"replies":[{"embeddable":true,"href":"https:\/\/manasotafandfm.com\/es\/wp-json\/wp\/v2\/comments?post=59"}],"version-history":[{"count":13,"href":"https:\/\/manasotafandfm.com\/es\/wp-json\/wp\/v2\/pages\/59\/revisions"}],"predecessor-version":[{"id":193,"href":"https:\/\/manasotafandfm.com\/es\/wp-json\/wp\/v2\/pages\/59\/revisions\/193"}],"wp:attachment":[{"href":"https:\/\/manasotafandfm.com\/es\/wp-json\/wp\/v2\/media?parent=59"}],"curies":[{"name":"wp","href":"https:\/\/api.w.org\/{rel}","templated":true}]}}