{"id":12,"date":"2026-03-04T10:09:39","date_gmt":"2026-03-04T10:09:39","guid":{"rendered":"https:\/\/manasotafandfm.com\/?page_id=12"},"modified":"2026-04-07T00:10:47","modified_gmt":"2026-04-07T00:10:47","slug":"home-page","status":"publish","type":"page","link":"https:\/\/manasotafandfm.com\/es\/","title":{"rendered":"P\u00e1gina de inicio"},"content":{"rendered":"<div data-elementor-type=\"wp-page\" data-elementor-id=\"12\" class=\"elementor elementor-12\" data-elementor-post-type=\"page\">\n\t\t\t\t<div class=\"elementor-element elementor-element-3a4af2c e-flex e-con-boxed e-con e-parent\" data-id=\"3a4af2c\" data-element_type=\"container\" data-e-type=\"container\" data-settings=\"{&quot;background_background&quot;:&quot;classic&quot;}\">\n\t\t\t\t\t<div class=\"e-con-inner\">\n\t\t\t\t<div class=\"elementor-element elementor-element-276b044 elementor-widget elementor-widget-heading\" data-id=\"276b044\" data-element_type=\"widget\" data-e-type=\"widget\" data-widget_type=\"heading.default\">\n\t\t\t\t\t<h2 class=\"elementor-heading-title elementor-size-default\">Fe <span style=\"color :#00d9ff\">+ <\/span>Familia<\/h2>\t\t\t\t<\/div>\n\t\t\t\t<div class=\"elementor-element elementor-element-d0b9fe4 elementor-headline--style-highlight elementor-widget elementor-widget-animated-headline\" data-id=\"d0b9fe4\" data-element_type=\"widget\" data-e-type=\"widget\" data-settings=\"{&quot;highlighted_text&quot;:&quot;Month&quot;,&quot;headline_style&quot;:&quot;highlight&quot;,&quot;marker&quot;:&quot;circle&quot;,&quot;loop&quot;:&quot;yes&quot;,&quot;highlight_animation_duration&quot;:1200,&quot;highlight_iteration_delay&quot;:8000}\" data-widget_type=\"animated-headline.default\">\n\t\t\t\t\t\t\t<h3 class=\"elementor-headline\">\n\t\t\t\t<span class=\"elementor-headline-dynamic-wrapper elementor-headline-text-wrapper\">\n\t\t\t\t\t<span class=\"elementor-headline-dynamic-text elementor-headline-text-active\">Mes<\/span>\n\t\t\t\t<\/span>\n\t\t\t\t<\/h3>\n\t\t\t\t\t\t<\/div>\n\t\t\t\t<div class=\"elementor-element elementor-element-b8f69a2 elementor-widget elementor-widget-heading\" data-id=\"b8f69a2\" data-element_type=\"widget\" data-e-type=\"widget\" data-widget_type=\"heading.default\">\n\t\t\t\t\t<h2 class=\"elementor-heading-title elementor-size-default\">Junio<\/h2>\t\t\t\t<\/div>\n\t\t\t\t<div class=\"elementor-element elementor-element-0a038b7 elementor-widget elementor-widget-text-editor\" data-id=\"0a038b7\" data-element_type=\"widget\" data-e-type=\"widget\" data-widget_type=\"text-editor.default\">\n\t\t\t\t\t\t\t\t\tLa fe hace avanzar a las familias\t\t\t\t\t\t\t\t<\/div>\n\t\t\t\t<div class=\"elementor-element elementor-element-a759266 elementor-widget elementor-widget-text-editor\" data-id=\"a759266\" data-element_type=\"widget\" data-e-type=\"widget\" data-widget_type=\"text-editor.default\">\n\t\t\t\t\t\t\t\t\t<p>Secci\u00f3n de Manasota - Condados de Sarasota y Manatee, FL<\/p>\t\t\t\t\t\t\t\t<\/div>\n\t\t\t\t\t<\/div>\n\t\t\t\t<\/div>\n\t\t<div class=\"elementor-element elementor-element-85db15e e-flex e-con-boxed e-con e-parent\" data-id=\"85db15e\" data-element_type=\"container\" data-e-type=\"container\" data-settings=\"{&quot;background_background&quot;:&quot;classic&quot;}\">\n\t\t\t\t\t<div class=\"e-con-inner\">\n\t\t\t\t<div class=\"elementor-element elementor-element-9f1978c elementor-widget elementor-widget-image\" data-id=\"9f1978c\" data-element_type=\"widget\" data-e-type=\"widget\" data-widget_type=\"image.default\">\n\t\t\t\t\t\t\t\t\t\t\t\t<figure class=\"wp-caption\">\n\t\t\t\t\t\t\t\t\t\t<img fetchpriority=\"high\" decoding=\"async\" width=\"2560\" height=\"1438\" src=\"https:\/\/manasotafandfm.com\/wp-content\/uploads\/2026\/03\/78696-scaled.jpg\" class=\"attachment-full size-full wp-image-253\" alt=\"\" srcset=\"https:\/\/manasotafandfm.com\/wp-content\/uploads\/2026\/03\/78696-scaled.jpg 2560w, https:\/\/manasotafandfm.com\/wp-content\/uploads\/2026\/03\/78696-300x169.jpg 300w, https:\/\/manasotafandfm.com\/wp-content\/uploads\/2026\/03\/78696-1024x575.jpg 1024w, https:\/\/manasotafandfm.com\/wp-content\/uploads\/2026\/03\/78696-768x431.jpg 768w, https:\/\/manasotafandfm.com\/wp-content\/uploads\/2026\/03\/78696-1536x863.jpg 1536w, https:\/\/manasotafandfm.com\/wp-content\/uploads\/2026\/03\/78696-2048x1151.jpg 2048w\" sizes=\"(max-width: 2560px) 100vw, 2560px\" \/>\t\t\t\t\t\t\t\t\t\t\t<figcaption class=\"widget-image-caption wp-caption-text\"><\/figcaption>\n\t\t\t\t\t\t\t\t\t\t<\/figure>\n\t\t\t\t\t\t\t\t\t<\/div>\n\t\t\t\t<div class=\"elementor-element elementor-element-638f3fe elementor-widget elementor-widget-heading\" data-id=\"638f3fe\" data-element_type=\"widget\" data-e-type=\"widget\" data-widget_type=\"heading.default\">\n\t\t\t\t\t<h2 class=\"elementor-heading-title elementor-size-default\">Pastores y l\u00edderes de las regiones de Florida se re\u00fanen con la Secretaria Michelle Branham, de la Junta Asesora del Estado de Florida del Gobernador Ron DeSantis<\/h2>\t\t\t\t<\/div>\n\t\t\t\t<div class=\"elementor-element elementor-element-d99165a elementor-widget elementor-widget-text-editor\" data-id=\"d99165a\" data-element_type=\"widget\" data-e-type=\"widget\" data-widget_type=\"text-editor.default\">\n\t\t\t\t\t\t\t\t\t<p>La secretaria Michelle Branham, del Consejo Asesor de Fe del gobernador Ron DeSantis, presentar\u00e1 esta iniciativa al gobernador y tambi\u00e9n la enviar\u00e1 al Consejo Asesor Nacional de Fe del presidente Trump, donde es posible que la anuncie en el 250 aniversario de Estados Unidos en mayo, \u00a1para declarar junio como el Mes de la Fe y la Familia a nivel nacional!<\/p>\t\t\t\t\t\t\t\t<\/div>\n\t\t\t\t\t<\/div>\n\t\t\t\t<\/div>\n\t\t<div class=\"elementor-element elementor-element-387b58c e-flex e-con-boxed e-con e-parent\" data-id=\"387b58c\" data-element_type=\"container\" data-e-type=\"container\">\n\t\t\t\t\t<div class=\"e-con-inner\">\n\t\t\t\t<div class=\"elementor-element elementor-element-6140b0b elementor-widget elementor-widget-heading\" data-id=\"6140b0b\" data-element_type=\"widget\" data-e-type=\"widget\" data-widget_type=\"heading.default\">\n\t\t\t\t\t<h2 class=\"elementor-heading-title elementor-size-default\">Celebre  <span style=\"color: #00d9ff\">Familias<\/span><\/h2>\t\t\t\t<\/div>\n\t\t\t\t<div class=\"elementor-element elementor-element-b5f1719 elementor-widget elementor-widget-text-editor\" data-id=\"b5f1719\" data-element_type=\"widget\" data-e-type=\"widget\" data-widget_type=\"text-editor.default\">\n\t\t\t\t\t\t\t\t\t<p>La piedra angular de la sociedad es el matrimonio y la familia, y est\u00e1n siendo atacados. El salmista pregunt\u00f3: \u201cCuando se rompan los cimientos, \u00bfqu\u00e9 har\u00e1n los justos?\u201d.\u201d\u00a0<strong class=\"text-foreground\">\u00a1RECONSTRUIMOS!<\/strong><\/p><p>En el Mes de la Fe y la Familia, nosotros, la comunidad religiosa de los condados de Sarasota y Manatee, utilizaremos el mes para ayudar a reconstruir los cimientos del matrimonio y la familia. Buscamos celebrar la familia a trav\u00e9s de eventos. Estos eventos inspirar\u00e1n, animar\u00e1n y equipar\u00e1n a las familias espiritual, f\u00edsica y financieramente.<\/p><p>Aqu\u00ed en nuestro sitio web, puede hacer clic en nuestro calendario y ver los recursos que las iglesias y organizaciones est\u00e1n proporcionando. Las iglesias se unir\u00e1n para predicar y ense\u00f1ar sobre estos temas, adem\u00e1s de proporcionar recursos.<\/p><p>Si usted es una iglesia o ministerio y desea asociarse con nosotros, s\u00f3lo tiene que enviar un mensaje de texto a <strong>iglesia<\/strong> a <strong>(941) 390-4447.<\/strong>. Adem\u00e1s, echa un vistazo al enlace para ver los eventos especiales que estamos haciendo colectivamente. Si es usted una empresa y desea participar, env\u00ede un mensaje de texto a <strong>empresa<\/strong> a <strong>(941) 390-4447.<\/strong><\/p>\t\t\t\t\t\t\t\t<\/div>\n\t\t<div class=\"elementor-element elementor-element-ed3dead e-con-full e-flex e-con e-child\" data-id=\"ed3dead\" data-element_type=\"container\" data-e-type=\"container\">\n\t\t<div class=\"elementor-element elementor-element-d966152 e-con-full e-flex e-con e-child\" data-id=\"d966152\" data-element_type=\"container\" data-e-type=\"container\">\n\t\t\t\t<div class=\"elementor-element elementor-element-384306d elementor-button-success elementor-widget elementor-widget-button\" data-id=\"384306d\" data-element_type=\"widget\" data-e-type=\"widget\" data-widget_type=\"button.default\">\n\t\t\t\t\t\t\t\t\t\t<a class=\"elementor-button elementor-button-link elementor-size-sm\" href=\"\/es\/patrocinadores\/\">\n\t\t\t\t\t\t<span class=\"elementor-button-content-wrapper\">\n\t\t\t\t\t\t\t\t\t<span class=\"elementor-button-text\">H\u00e1gase socio<\/span>\n\t\t\t\t\t<\/span>\n\t\t\t\t\t<\/a>\n\t\t\t\t\t\t\t\t<\/div>\n\t\t\t\t<div class=\"elementor-element elementor-element-cb555bc elementor-widget elementor-widget-button\" data-id=\"cb555bc\" data-element_type=\"widget\" data-e-type=\"widget\" data-widget_type=\"button.default\">\n\t\t\t\t\t\t\t\t\t\t<a class=\"elementor-button elementor-button-link elementor-size-sm\" href=\"\/es\/eventos\/\">\n\t\t\t\t\t\t<span class=\"elementor-button-content-wrapper\">\n\t\t\t\t\t\t\t\t\t<span class=\"elementor-button-text\"> Eventos<\/span>\n\t\t\t\t\t<\/span>\n\t\t\t\t\t<\/a>\n\t\t\t\t\t\t\t\t<\/div>\n\t\t\t\t<\/div>\n\t\t<div class=\"elementor-element elementor-element-3a974ee e-con-full e-flex e-con e-child\" data-id=\"3a974ee\" data-element_type=\"container\" data-e-type=\"container\">\n\t\t\t\t<\/div>\n\t\t\t\t<\/div>\n\t\t\t\t<div class=\"elementor-element elementor-element-dc68482 elementor-widget elementor-widget-heading\" data-id=\"dc68482\" data-element_type=\"widget\" data-e-type=\"widget\" data-widget_type=\"heading.default\">\n\t\t\t\t\t<h2 class=\"elementor-heading-title elementor-size-default\">El apoyo de  <span style=\"color: #00d9ff\">Alcaldes locales<\/span><\/h2>\t\t\t\t<\/div>\n\t\t<div class=\"elementor-element elementor-element-8ec871c e-grid e-con-full e-con e-child\" data-id=\"8ec871c\" data-element_type=\"container\" data-e-type=\"container\">\n\t\t\t\t<div class=\"elementor-element elementor-element-0ee6aee elementor-widget elementor-widget-image\" data-id=\"0ee6aee\" data-element_type=\"widget\" data-e-type=\"widget\" data-widget_type=\"image.default\">\n\t\t\t\t\t\t\t\t\t\t\t\t\t\t\t<img decoding=\"async\" width=\"800\" height=\"451\" src=\"https:\/\/manasotafandfm.com\/wp-content\/uploads\/2026\/03\/c4027a1102e99422750b881a1a48648ce658f690-1-1024x577.jpg\" class=\"attachment-large size-large wp-image-420\" alt=\"\" srcset=\"https:\/\/manasotafandfm.com\/wp-content\/uploads\/2026\/03\/c4027a1102e99422750b881a1a48648ce658f690-1-1024x577.jpg 1024w, https:\/\/manasotafandfm.com\/wp-content\/uploads\/2026\/03\/c4027a1102e99422750b881a1a48648ce658f690-1-300x169.jpg 300w, https:\/\/manasotafandfm.com\/wp-content\/uploads\/2026\/03\/c4027a1102e99422750b881a1a48648ce658f690-1-768x433.jpg 768w, https:\/\/manasotafandfm.com\/wp-content\/uploads\/2026\/03\/c4027a1102e99422750b881a1a48648ce658f690-1.jpg 1207w\" sizes=\"(max-width: 800px) 100vw, 800px\" \/>\t\t\t\t\t\t\t\t\t\t\t\t\t\t\t<\/div>\n\t\t\t\t<div class=\"elementor-element elementor-element-c170798 elementor-widget elementor-widget-image\" data-id=\"c170798\" data-element_type=\"widget\" data-e-type=\"widget\" data-widget_type=\"image.default\">\n\t\t\t\t\t\t\t\t\t\t\t\t\t\t\t<img decoding=\"async\" width=\"800\" height=\"450\" src=\"https:\/\/manasotafandfm.com\/wp-content\/uploads\/2026\/03\/c4027a1102e99422750b881a1a48648ce658f690-2-1024x576.jpg\" class=\"attachment-large size-large wp-image-421\" alt=\"\" srcset=\"https:\/\/manasotafandfm.com\/wp-content\/uploads\/2026\/03\/c4027a1102e99422750b881a1a48648ce658f690-2-1024x576.jpg 1024w, https:\/\/manasotafandfm.com\/wp-content\/uploads\/2026\/03\/c4027a1102e99422750b881a1a48648ce658f690-2-300x169.jpg 300w, https:\/\/manasotafandfm.com\/wp-content\/uploads\/2026\/03\/c4027a1102e99422750b881a1a48648ce658f690-2-768x432.jpg 768w, https:\/\/manasotafandfm.com\/wp-content\/uploads\/2026\/03\/c4027a1102e99422750b881a1a48648ce658f690-2.jpg 1178w\" sizes=\"(max-width: 800px) 100vw, 800px\" \/>\t\t\t\t\t\t\t\t\t\t\t\t\t\t\t<\/div>\n\t\t\t\t<\/div>\n\t\t<div class=\"elementor-element elementor-element-684df02 e-grid e-con-full e-con e-child\" data-id=\"684df02\" data-element_type=\"container\" data-e-type=\"container\">\n\t\t\t\t<div class=\"elementor-element elementor-element-48039e0 elementor-widget elementor-widget-text-editor\" data-id=\"48039e0\" data-element_type=\"widget\" data-e-type=\"widget\" data-widget_type=\"text-editor.default\">\n\t\t\t\t\t\t\t\t\t<p>El alcalde Dan West interviene en nuestro acto mensual sobre Manasota<\/p>\t\t\t\t\t\t\t\t<\/div>\n\t\t\t\t<div class=\"elementor-element elementor-element-b94e052 elementor-widget elementor-widget-text-editor\" data-id=\"b94e052\" data-element_type=\"widget\" data-e-type=\"widget\" data-widget_type=\"text-editor.default\">\n\t\t\t\t\t\t\t\t\t<p>El alcalde Gene Brown interviene en nuestro acto mensual sobre Manasota<\/p>\t\t\t\t\t\t\t\t<\/div>\n\t\t\t\t<\/div>\n\t\t\t\t<div class=\"elementor-element elementor-element-3b92cd2 elementor-widget elementor-widget-spacer\" data-id=\"3b92cd2\" data-element_type=\"widget\" data-e-type=\"widget\" data-widget_type=\"spacer.default\">\n\t\t\t\t\t\t\t<div class=\"elementor-spacer\">\n\t\t\t<div class=\"elementor-spacer-inner\"><\/div>\n\t\t<\/div>\n\t\t\t\t\t\t<\/div>\n\t\t\t\t<div class=\"elementor-element elementor-element-82619ac elementor-widget elementor-widget-heading\" data-id=\"82619ac\" data-element_type=\"widget\" data-e-type=\"widget\" data-widget_type=\"heading.default\">\n\t\t\t\t\t<h2 class=\"elementor-heading-title elementor-size-default\">Manasota Fe y Familia   <span style=\"color: #00d9ff\">V\u00eddeo introductorio<\/span><\/h2>\t\t\t\t<\/div>\n\t\t\t\t<div class=\"elementor-element elementor-element-4b8f8e3 elementor-widget elementor-widget-video\" data-id=\"4b8f8e3\" data-element_type=\"widget\" data-e-type=\"widget\" data-settings=\"{&quot;youtube_url&quot;:&quot;https:\\\/\\\/youtu.be\\\/W963IS-37Yc&quot;,&quot;video_type&quot;:&quot;youtube&quot;,&quot;controls&quot;:&quot;yes&quot;}\" data-widget_type=\"video.default\">\n\t\t\t\t\t\t\t<div class=\"elementor-wrapper elementor-open-inline\">\n\t\t\t<div class=\"elementor-video\"><\/div>\t\t<\/div>\n\t\t\t\t\t\t<\/div>\n\t\t\t\t<div class=\"elementor-element elementor-element-599cfc6 elementor-widget elementor-widget-heading\" data-id=\"599cfc6\" data-element_type=\"widget\" data-e-type=\"widget\" data-widget_type=\"heading.default\">\n\t\t\t\t\t<h2 class=\"elementor-heading-title elementor-size-default\">Las grandes familias forman grandes comunidades que crean ciudades amorosas y se convierten en pa\u00edses poderosos pero ben\u00e9volos, como los Estados Unidos de Am\u00e9rica. <span style=\"color: #00d9ff;text-decoration:none;font-weight: bold\"> \u00a1Movamos a las familias por la fe! <\/span><\/h2>\t\t\t\t<\/div>\n\t\t\t\t\t<\/div>\n\t\t\t\t<\/div>\n\t\t<div class=\"elementor-element elementor-element-6203ec4 e-flex e-con-boxed e-con e-parent\" data-id=\"6203ec4\" data-element_type=\"container\" data-e-type=\"container\" data-settings=\"{&quot;background_background&quot;:&quot;classic&quot;}\">\n\t\t\t\t\t<div class=\"e-con-inner\">\n\t\t\t\t<div class=\"elementor-element elementor-element-f3b7141 elementor-widget elementor-widget-heading\" data-id=\"f3b7141\" data-element_type=\"widget\" data-e-type=\"widget\" data-widget_type=\"heading.default\">\n\t\t\t\t\t<h2 class=\"elementor-heading-title elementor-size-default\">Cuenta atr\u00e1s para el Mes de la Fe y la Familia<\/h2>\t\t\t\t<\/div>\n\t\t\t\t<div class=\"elementor-element elementor-element-4ed04bb elementor-countdown--label-block elementor-widget elementor-widget-countdown\" data-id=\"4ed04bb\" data-element_type=\"widget\" data-e-type=\"widget\" data-widget_type=\"countdown.default\">\n\t\t\t\t\t\t\t<div class=\"elementor-countdown-wrapper\" data-date=\"1780293960\">\n\t\t\t<div class=\"elementor-countdown-item\"><span class=\"elementor-countdown-digits elementor-countdown-days\"><\/span> <span class=\"elementor-countdown-label\" data-no-translation=\"\" data-trp-gettext=\"\">D\u00edas<\/span><\/div><div class=\"elementor-countdown-item\"><span class=\"elementor-countdown-digits elementor-countdown-hours\"><\/span> <span class=\"elementor-countdown-label\" data-no-translation=\"\" data-trp-gettext=\"\">Horas<\/span><\/div><div class=\"elementor-countdown-item\"><span class=\"elementor-countdown-digits elementor-countdown-minutes\"><\/span> <span class=\"elementor-countdown-label\" data-no-translation=\"\" data-trp-gettext=\"\">Minutos<\/span><\/div><div class=\"elementor-countdown-item\"><span class=\"elementor-countdown-digits elementor-countdown-seconds\"><\/span> <span class=\"elementor-countdown-label\" data-no-translation=\"\" data-trp-gettext=\"\">Segundos<\/span><\/div>\t\t<\/div>\n\t\t\t\t\t\t<\/div>\n\t\t\t\t\t<\/div>\n\t\t\t\t<\/div>\n\t\t<div class=\"elementor-element elementor-element-cdec15c e-flex e-con-boxed e-con e-parent\" data-id=\"cdec15c\" data-element_type=\"container\" data-e-type=\"container\" data-settings=\"{&quot;background_background&quot;:&quot;classic&quot;}\">\n\t\t\t\t\t<div class=\"e-con-inner\">\n\t\t\t\t<div class=\"elementor-element elementor-element-f5b279e elementor-widget elementor-widget-heading\" data-id=\"f5b279e\" data-element_type=\"widget\" data-e-type=\"widget\" data-widget_type=\"heading.default\">\n\t\t\t\t\t<h2 class=\"elementor-heading-title elementor-size-default\"> Eventos de<span style=\"color: #00d9ff\"> nuestras iglesias asociadas <\/span> <\/h2>\t\t\t\t<\/div>\n\t\t\t\t<div class=\"elementor-element elementor-element-b9ad893 elementor-widget elementor-widget-text-editor\" data-id=\"b9ad893\" data-element_type=\"widget\" data-e-type=\"widget\" data-widget_type=\"text-editor.default\">\n\t\t\t\t\t\t\t\t\t<p>Echa un vistazo a todos los eventos en los condados de Sarasota y Manatee organizados por algunas de nuestras iglesias asociadas.<\/p>\t\t\t\t\t\t\t\t<\/div>\n\t\t<div class=\"elementor-element elementor-element-b19568c e-con-full e-flex e-con e-child\" data-id=\"b19568c\" data-element_type=\"container\" data-e-type=\"container\" data-settings=\"{&quot;background_background&quot;:&quot;classic&quot;}\">\n\t\t\t\t<div class=\"elementor-element elementor-element-fbf723e elementor-widget elementor-widget-image\" data-id=\"fbf723e\" data-element_type=\"widget\" data-e-type=\"widget\" data-widget_type=\"image.default\">\n\t\t\t\t\t\t\t\t\t\t\t\t\t\t\t<img loading=\"lazy\" decoding=\"async\" width=\"76\" height=\"82\" src=\"https:\/\/manasotafandfm.com\/wp-content\/uploads\/2026\/03\/ff7a4fef-5df8-4f56-b0d8-3a3e282dfc47.png\" class=\"attachment-large size-large wp-image-181\" alt=\"\" \/>\t\t\t\t\t\t\t\t\t\t\t\t\t\t\t<\/div>\n\t\t\t\t<div class=\"elementor-element elementor-element-52981ee elementor-widget elementor-widget-heading\" data-id=\"52981ee\" data-element_type=\"widget\" data-e-type=\"widget\" data-widget_type=\"heading.default\">\n\t\t\t\t\t<h2 class=\"elementor-heading-title elementor-size-default\">Visite nuestra p\u00e1gina de eventos<\/h2>\t\t\t\t<\/div>\n\t\t\t\t<div class=\"elementor-element elementor-element-eac868d elementor-widget elementor-widget-button\" data-id=\"eac868d\" data-element_type=\"widget\" data-e-type=\"widget\" data-widget_type=\"button.default\">\n\t\t\t\t\t\t\t\t\t\t<a class=\"elementor-button elementor-button-link elementor-size-sm\" href=\"\/es\/eventos\/\" target=\"_blank\">\n\t\t\t\t\t\t<span class=\"elementor-button-content-wrapper\">\n\t\t\t\t\t\t\t\t\t<span class=\"elementor-button-text\">P\u00e1gina de eventos<\/span>\n\t\t\t\t\t<\/span>\n\t\t\t\t\t<\/a>\n\t\t\t\t\t\t\t\t<\/div>\n\t\t\t\t<\/div>\n\t\t\t\t<div class=\"elementor-element elementor-element-90e76e5 elementor-widget elementor-widget-spacer\" data-id=\"90e76e5\" data-element_type=\"widget\" data-e-type=\"widget\" data-widget_type=\"spacer.default\">\n\t\t\t\t\t\t\t<div class=\"elementor-spacer\">\n\t\t\t<div class=\"elementor-spacer-inner\"><\/div>\n\t\t<\/div>\n\t\t\t\t\t\t<\/div>\n\t\t\t\t<div class=\"elementor-element elementor-element-80a610a elementor-widget elementor-widget-heading\" data-id=\"80a610a\" data-element_type=\"widget\" data-e-type=\"widget\" data-widget_type=\"heading.default\">\n\t\t\t\t\t<h2 class=\"elementor-heading-title elementor-size-default\">\u00bfQuiere organizar un acto en su zona?<\/h2>\t\t\t\t<\/div>\n\t\t\t\t<div class=\"elementor-element elementor-element-70f6012 elementor-widget elementor-widget-text-editor\" data-id=\"70f6012\" data-element_type=\"widget\" data-e-type=\"widget\" data-widget_type=\"text-editor.default\">\n\t\t\t\t\t\t\t\t\t<p>Los eventos son una excelente forma de que los habitantes de los condados de Sarasota y Manatee se relacionen entre s\u00ed y construyan una comunidad m\u00e1s fuerte.<\/p>\t\t\t\t\t\t\t\t<\/div>\n\t\t\t\t<div class=\"elementor-element elementor-element-b3d0ee2 elementor-widget elementor-widget-button\" data-id=\"b3d0ee2\" data-element_type=\"widget\" data-e-type=\"widget\" data-widget_type=\"button.default\">\n\t\t\t\t\t\t\t\t\t\t<a class=\"elementor-button elementor-button-link elementor-size-sm\" href=\"\/es\/submit_event_form\/\" target=\"_blank\">\n\t\t\t\t\t\t<span class=\"elementor-button-content-wrapper\">\n\t\t\t\t\t\t\t\t\t<span class=\"elementor-button-text\">Crear un evento<\/span>\n\t\t\t\t\t<\/span>\n\t\t\t\t\t<\/a>\n\t\t\t\t\t\t\t\t<\/div>\n\t\t\t\t\t<\/div>\n\t\t\t\t<\/div>\n\t\t<div class=\"elementor-element elementor-element-4ef4baf e-flex e-con-boxed e-con e-parent\" data-id=\"4ef4baf\" data-element_type=\"container\" data-e-type=\"container\">\n\t\t\t\t\t<div class=\"e-con-inner\">\n\t\t\t\t<div class=\"elementor-element elementor-element-8d92184 elementor-widget elementor-widget-heading\" data-id=\"8d92184\" data-element_type=\"widget\" data-e-type=\"widget\" data-widget_type=\"heading.default\">\n\t\t\t\t\t<h2 class=\"elementor-heading-title elementor-size-default\"><span style=\"color: #00d9ff\">patrocinadores <\/span>P\u00e1gina<\/h2>\t\t\t\t<\/div>\n\t\t\t\t<div class=\"elementor-element elementor-element-d57a5d7 elementor-widget elementor-widget-text-editor\" data-id=\"d57a5d7\" data-element_type=\"widget\" data-e-type=\"widget\" data-widget_type=\"text-editor.default\">\n\t\t\t\t\t\t\t\t\t<p>Haga clic en el bot\u00f3n para ir a la p\u00e1gina de patrocinadores<\/p>\t\t\t\t\t\t\t\t<\/div>\n\t\t\t\t<div class=\"elementor-element elementor-element-88f174b elementor-button-success elementor-widget elementor-widget-button\" data-id=\"88f174b\" data-element_type=\"widget\" data-e-type=\"widget\" data-widget_type=\"button.default\">\n\t\t\t\t\t\t\t\t\t\t<a class=\"elementor-button elementor-button-link elementor-size-sm\" href=\"\/es\/patrocinadores\/\">\n\t\t\t\t\t\t<span class=\"elementor-button-content-wrapper\">\n\t\t\t\t\t\t\t\t\t<span class=\"elementor-button-text\">Ir a la p\u00e1gina de patrocinadores<\/span>\n\t\t\t\t\t<\/span>\n\t\t\t\t\t<\/a>\n\t\t\t\t\t\t\t\t<\/div>\n\t\t\t\t\t<\/div>\n\t\t\t\t<\/div>\n\t\t<div class=\"elementor-element elementor-element-b6fbb3c e-flex e-con-boxed e-con e-parent\" data-id=\"b6fbb3c\" data-element_type=\"container\" data-e-type=\"container\">\n\t\t\t\t\t<div class=\"e-con-inner\">\n\t\t\t\t\t<\/div>\n\t\t\t\t<\/div>\n\t\t\t\t<\/div>","protected":false},"excerpt":{"rendered":"<p>Faith + Family Month June Moving Families Forward by Faith Manasota Chapter \u2014 Sarasota &amp; Manatee Counties, FL Florida Pastors and Leaders from regions around Florida meet with Secretary Michelle Branham, of Florida State Advisory Board to Governor Ron DeSantis Secretary Michelle Branham, Faith Advisory Board to Governor Ron DeSantis will be presenting this initiative [&hellip;]<\/p>\n","protected":false},"author":1,"featured_media":425,"parent":0,"menu_order":0,"comment_status":"closed","ping_status":"closed","template":"","meta":{"om_disable_all_campaigns":false,"_monsterinsights_skip_tracking":false,"_monsterinsights_sitenote_active":false,"_monsterinsights_sitenote_note":"","_monsterinsights_sitenote_category":0,"footnotes":""},"class_list":["post-12","page","type-page","status-publish","has-post-thumbnail","hentry"],"_links":{"self":[{"href":"https:\/\/manasotafandfm.com\/es\/wp-json\/wp\/v2\/pages\/12","targetHints":{"allow":["GET"]}}],"collection":[{"href":"https:\/\/manasotafandfm.com\/es\/wp-json\/wp\/v2\/pages"}],"about":[{"href":"https:\/\/manasotafandfm.com\/es\/wp-json\/wp\/v2\/types\/page"}],"author":[{"embeddable":true,"href":"https:\/\/manasotafandfm.com\/es\/wp-json\/wp\/v2\/users\/1"}],"replies":[{"embeddable":true,"href":"https:\/\/manasotafandfm.com\/es\/wp-json\/wp\/v2\/comments?post=12"}],"version-history":[{"count":211,"href":"https:\/\/manasotafandfm.com\/es\/wp-json\/wp\/v2\/pages\/12\/revisions"}],"predecessor-version":[{"id":1052,"href":"https:\/\/manasotafandfm.com\/es\/wp-json\/wp\/v2\/pages\/12\/revisions\/1052"}],"wp:featuredmedia":[{"embeddable":true,"href":"https:\/\/manasotafandfm.com\/es\/wp-json\/wp\/v2\/media\/425"}],"wp:attachment":[{"href":"https:\/\/manasotafandfm.com\/es\/wp-json\/wp\/v2\/media?parent=12"}],"curies":[{"name":"wp","href":"https:\/\/api.w.org\/{rel}","templated":true}]}}